{"id":750,"date":"2025-04-11T12:16:42","date_gmt":"2025-04-11T12:16:42","guid":{"rendered":"https:\/\/bodega500escalones.com\/wine-catalog\/"},"modified":"2025-06-09T14:43:11","modified_gmt":"2025-06-09T14:43:11","slug":"wine-catalog","status":"publish","type":"page","link":"https:\/\/bodega500escalones.com\/en\/wine-catalog\/","title":{"rendered":"Wine catalog"},"content":{"rendered":"[vc_row type=&#8221;in_container&#8221; full_screen_row_position=&#8221;middle&#8221; column_margin=&#8221;default&#8221; column_direction=&#8221;default&#8221; column_direction_tablet=&#8221;default&#8221; column_direction_phone=&#8221;default&#8221; scene_position=&#8221;center&#8221; top_padding=&#8221;100&#8243; text_color=&#8221;dark&#8221; text_align=&#8221;left&#8221; row_border_radius=&#8221;none&#8221; row_border_radius_applies=&#8221;bg&#8221; overflow=&#8221;visible&#8221; id=&#8221;enoturismo&#8221; overlay_strength=&#8221;0.3&#8243; gradient_direction=&#8221;left_to_right&#8221; shape_divider_position=&#8221;bottom&#8221; bg_image_animation=&#8221;none&#8221; gradient_type=&#8221;default&#8221; shape_type=&#8221;&#8221;][vc_column column_padding=&#8221;no-extra-padding&#8221; column_padding_tablet=&#8221;inherit&#8221; column_padding_phone=&#8221;inherit&#8221; column_padding_position=&#8221;all&#8221; column_element_direction_desktop=&#8221;default&#8221; column_element_spacing=&#8221;default&#8221; desktop_text_alignment=&#8221;default&#8221; tablet_text_alignment=&#8221;default&#8221; phone_text_alignment=&#8221;default&#8221; background_color_opacity=&#8221;1&#8243; background_hover_color_opacity=&#8221;1&#8243; column_backdrop_filter=&#8221;none&#8221; column_shadow=&#8221;none&#8221; column_border_radius=&#8221;none&#8221; column_link_target=&#8221;_self&#8221; column_position=&#8221;default&#8221; gradient_direction=&#8221;left_to_right&#8221; overlay_strength=&#8221;0.3&#8243; width=&#8221;1\/1&#8243; tablet_width_inherit=&#8221;default&#8221; animation_type=&#8221;default&#8221; bg_image_animation=&#8221;none&#8221; border_type=&#8221;simple&#8221; column_border_width=&#8221;none&#8221; column_border_style=&#8221;solid&#8221;][vc_column_text css=&#8221;&#8221; text_direction=&#8221;default&#8221;]\n<h1 style=\"text-align: center;\">Our Wines<\/h1>\n[\/vc_column_text][\/vc_column][\/vc_row][vc_row type=&#8221;in_container&#8221; full_screen_row_position=&#8221;middle&#8221; column_margin=&#8221;default&#8221; column_direction=&#8221;default&#8221; column_direction_tablet=&#8221;default&#8221; column_direction_phone=&#8221;default&#8221; scene_position=&#8221;center&#8221; top_padding=&#8221;100&#8243; bottom_padding=&#8221;50&#8243; text_color=&#8221;dark&#8221; text_align=&#8221;left&#8221; row_border_radius=&#8221;none&#8221; row_border_radius_applies=&#8221;bg&#8221; overflow=&#8221;visible&#8221; overlay_strength=&#8221;0.3&#8243; gradient_direction=&#8221;left_to_right&#8221; shape_divider_position=&#8221;bottom&#8221; bg_image_animation=&#8221;none&#8221; gradient_type=&#8221;default&#8221; shape_type=&#8221;&#8221;][vc_column column_padding=&#8221;no-extra-padding&#8221; column_padding_tablet=&#8221;inherit&#8221; column_padding_phone=&#8221;inherit&#8221; column_padding_position=&#8221;all&#8221; column_element_direction_desktop=&#8221;default&#8221; column_element_spacing=&#8221;default&#8221; desktop_text_alignment=&#8221;default&#8221; tablet_text_alignment=&#8221;default&#8221; phone_text_alignment=&#8221;default&#8221; background_color_opacity=&#8221;1&#8243; background_hover_color_opacity=&#8221;1&#8243; column_backdrop_filter=&#8221;none&#8221; column_shadow=&#8221;none&#8221; column_border_radius=&#8221;none&#8221; column_link_target=&#8221;_self&#8221; column_position=&#8221;default&#8221; gradient_direction=&#8221;left_to_right&#8221; overlay_strength=&#8221;0.3&#8243; width=&#8221;1\/3&#8243; tablet_width_inherit=&#8221;default&#8221; animation_type=&#8221;default&#8221; bg_image_animation=&#8221;none&#8221; border_type=&#8221;simple&#8221; column_border_width=&#8221;none&#8221; column_border_style=&#8221;solid&#8221;][image_with_animation image_url=&#8221;562&#8243; image_size=&#8221;full&#8221; animation_type=&#8221;entrance&#8221; animation=&#8221;None&#8221; animation_movement_type=&#8221;transform_y&#8221; hover_animation=&#8221;none&#8221; alignment=&#8221;&#8221; border_radius=&#8221;none&#8221; box_shadow=&#8221;none&#8221; image_loading=&#8221;default&#8221; max_width=&#8221;100%&#8221; max_width_mobile=&#8221;default&#8221;][\/vc_column][vc_column column_padding=&#8221;no-extra-padding&#8221; column_padding_tablet=&#8221;inherit&#8221; column_padding_phone=&#8221;inherit&#8221; column_padding_position=&#8221;all&#8221; column_element_direction_desktop=&#8221;default&#8221; column_element_spacing=&#8221;default&#8221; desktop_text_alignment=&#8221;default&#8221; tablet_text_alignment=&#8221;default&#8221; phone_text_alignment=&#8221;default&#8221; background_color_opacity=&#8221;1&#8243; background_hover_color_opacity=&#8221;1&#8243; column_backdrop_filter=&#8221;none&#8221; column_shadow=&#8221;none&#8221; column_border_radius=&#8221;none&#8221; column_link_target=&#8221;_self&#8221; column_position=&#8221;default&#8221; gradient_direction=&#8221;left_to_right&#8221; overlay_strength=&#8221;0.3&#8243; width=&#8221;2\/3&#8243; tablet_width_inherit=&#8221;default&#8221; animation_type=&#8221;default&#8221; bg_image_animation=&#8221;none&#8221; border_type=&#8221;simple&#8221; column_border_width=&#8221;none&#8221; column_border_style=&#8221;solid&#8221;][vc_column_text css=&#8221;&#8221; text_direction=&#8221;default&#8221;]\n<h2 class=\"product_title entry-title nectar-inherit-default\">White Flax Caves 2025<\/h2>\n<p class=\"price nectar-inherit-default\"><span class=\"woocommerce-Price-amount amount\"><bdi>25,00 <span class=\"woocommerce-Price-currencySymbol\">\u20ac<\/span><\/bdi><\/span><\/p>\n<div class=\"woocommerce-product-details__short-description\">\n<p>It is an honor to introduce you to the first vintage of our Cuevas de Lino white wine, made exclusively with the Vijariego Blanco variety, but very different from other wines in the same category. Like the red, it comes from vineyards located in the valley of El Bat\u00e1n (Anaga), 500 meters above sea level. Cultivated in goblet system, respecting the biodiversity of the area and adapted to the peculiar orography and climate of the region, within the D.O. Tacoronte-Acentejo.<\/p>\n<p>With 13.3% alcohol and an acidity of 5.78 g\/L, this dry white stands out for its intense, clean and bright golden color. The nose offers medium intensity with aromas of pear, white flowers and mineral notes. The palate is unctuous, with a light tannic character and a long acidity that persists through to the finish. A pleasure for the senses that will not fail to surprise you with its personality and unique character.<\/p>\n<\/div>\n[\/vc_column_text][\/vc_column][\/vc_row][vc_row type=&#8221;in_container&#8221; full_screen_row_position=&#8221;middle&#8221; column_margin=&#8221;default&#8221; column_direction=&#8221;default&#8221; column_direction_tablet=&#8221;default&#8221; column_direction_phone=&#8221;default&#8221; scene_position=&#8221;center&#8221; top_padding=&#8221;100&#8243; constrain_group_1=&#8221;yes&#8221; bottom_padding=&#8221;100&#8243; text_color=&#8221;dark&#8221; text_align=&#8221;left&#8221; row_border_radius=&#8221;none&#8221; row_border_radius_applies=&#8221;bg&#8221; overflow=&#8221;visible&#8221; overlay_strength=&#8221;0.3&#8243; gradient_direction=&#8221;left_to_right&#8221; shape_divider_position=&#8221;bottom&#8221; bg_image_animation=&#8221;none&#8221; gradient_type=&#8221;default&#8221; shape_type=&#8221;&#8221;][vc_column column_padding=&#8221;no-extra-padding&#8221; column_padding_tablet=&#8221;inherit&#8221; column_padding_phone=&#8221;inherit&#8221; column_padding_position=&#8221;all&#8221; column_element_direction_desktop=&#8221;default&#8221; column_element_spacing=&#8221;default&#8221; desktop_text_alignment=&#8221;default&#8221; tablet_text_alignment=&#8221;default&#8221; phone_text_alignment=&#8221;default&#8221; background_color_opacity=&#8221;1&#8243; background_hover_color_opacity=&#8221;1&#8243; column_backdrop_filter=&#8221;none&#8221; column_shadow=&#8221;none&#8221; column_border_radius=&#8221;none&#8221; column_link_target=&#8221;_self&#8221; column_position=&#8221;default&#8221; gradient_direction=&#8221;left_to_right&#8221; overlay_strength=&#8221;0.3&#8243; width=&#8221;2\/3&#8243; tablet_width_inherit=&#8221;default&#8221; animation_type=&#8221;default&#8221; bg_image_animation=&#8221;none&#8221; border_type=&#8221;simple&#8221; column_border_width=&#8221;none&#8221; column_border_style=&#8221;solid&#8221;][vc_column_text css=&#8221;&#8221; text_direction=&#8221;default&#8221;]\n<h3 class=\"product_title entry-title nectar-inherit-default\">Cuevas de Lino Red 2024<\/h3>\n<p class=\"price nectar-inherit-default\"><span class=\"woocommerce-Price-amount amount\"><bdi>25,00 <span class=\"woocommerce-Price-currencySymbol\">\u20ac<\/span><\/bdi><\/span><\/p>\n<div class=\"woocommerce-product-details__short-description\">\n<p>This young red wine, under the DO Tacoronte-Acentejo, is made from 100% List\u00e1n Negro. It is grown in the hamlet of El Bat\u00e1n (Anaga), where the vines grow in a low vineyard system on stepped terraces between 400 and 470 meters above sea level. With sustainable practices and a deep respect for the environment, Cuevas de Lino is a faithful reflection of the singularity of the land and climate of the area, resulting in a unique wine, with a singular character and personality of its own.<\/p>\n<p>With 12.8% alcohol and an acidity of 5.2 g\/L, it has a garnet red color with violet hues, clean and bright. Ripe red fruit aromas and mineral notes on the nose. The palate is full, fresh and balanced, with a long and persistent finish. It is aged in bottle for a short period of time, which highlights its young and fruity character.<\/p>\n<\/div>\n[\/vc_column_text][\/vc_column][vc_column column_padding=&#8221;no-extra-padding&#8221; column_padding_tablet=&#8221;inherit&#8221; column_padding_phone=&#8221;inherit&#8221; column_padding_position=&#8221;all&#8221; column_element_direction_desktop=&#8221;default&#8221; column_element_spacing=&#8221;default&#8221; desktop_text_alignment=&#8221;default&#8221; tablet_text_alignment=&#8221;default&#8221; phone_text_alignment=&#8221;default&#8221; background_color_opacity=&#8221;1&#8243; background_hover_color_opacity=&#8221;1&#8243; column_backdrop_filter=&#8221;none&#8221; column_shadow=&#8221;none&#8221; column_border_radius=&#8221;none&#8221; column_link_target=&#8221;_self&#8221; column_position=&#8221;default&#8221; gradient_direction=&#8221;left_to_right&#8221; overlay_strength=&#8221;0.3&#8243; width=&#8221;1\/3&#8243; tablet_width_inherit=&#8221;default&#8221; animation_type=&#8221;default&#8221; bg_image_animation=&#8221;none&#8221; border_type=&#8221;simple&#8221; column_border_width=&#8221;none&#8221; column_border_style=&#8221;solid&#8221;][image_with_animation image_url=&#8221;563&#8243; image_size=&#8221;full&#8221; animation_type=&#8221;entrance&#8221; animation=&#8221;None&#8221; animation_movement_type=&#8221;transform_y&#8221; hover_animation=&#8221;none&#8221; alignment=&#8221;&#8221; border_radius=&#8221;none&#8221; box_shadow=&#8221;none&#8221; image_loading=&#8221;default&#8221; max_width=&#8221;100%&#8221; max_width_mobile=&#8221;default&#8221;][\/vc_column][\/vc_row][vc_row type=&#8221;full_width_content&#8221; full_screen_row_position=&#8221;middle&#8221; column_margin=&#8221;default&#8221; equal_height=&#8221;yes&#8221; content_placement=&#8221;middle&#8221; vertically_center_columns=&#8221;true&#8221; column_direction=&#8221;default&#8221; column_direction_tablet=&#8221;default&#8221; column_direction_phone=&#8221;default&#8221; bg_color=&#8221;rgba(133,147,109,0.23)&#8221; scene_position=&#8221;center&#8221; top_padding=&#8221;100&#8243; bottom_padding=&#8221;100&#8243; text_color=&#8221;dark&#8221; text_align=&#8221;left&#8221; row_border_radius=&#8221;none&#8221; row_border_radius_applies=&#8221;bg&#8221; overflow=&#8221;visible&#8221; overlay_strength=&#8221;0.3&#8243; gradient_direction=&#8221;left_to_right&#8221; shape_divider_position=&#8221;bottom&#8221; bg_image_animation=&#8221;none&#8221; gradient_type=&#8221;default&#8221; shape_type=&#8221;&#8221;][vc_column column_padding=&#8221;no-extra-padding&#8221; column_padding_tablet=&#8221;inherit&#8221; column_padding_phone=&#8221;inherit&#8221; column_padding_position=&#8221;all&#8221; column_element_direction_desktop=&#8221;default&#8221; column_element_spacing=&#8221;default&#8221; desktop_text_alignment=&#8221;default&#8221; tablet_text_alignment=&#8221;default&#8221; phone_text_alignment=&#8221;default&#8221; background_color_opacity=&#8221;1&#8243; background_hover_color_opacity=&#8221;1&#8243; column_backdrop_filter=&#8221;none&#8221; column_shadow=&#8221;none&#8221; column_border_radius=&#8221;none&#8221; column_link_target=&#8221;_self&#8221; column_position=&#8221;default&#8221; gradient_direction=&#8221;left_to_right&#8221; overlay_strength=&#8221;0.3&#8243; width=&#8221;1\/1&#8243; tablet_width_inherit=&#8221;default&#8221; animation_type=&#8221;default&#8221; bg_image_animation=&#8221;none&#8221; border_type=&#8221;simple&#8221; column_border_width=&#8221;none&#8221; column_border_style=&#8221;solid&#8221;][vc_column_text css=&#8221;&#8221; text_direction=&#8221;default&#8221;]\n<h2 style=\"text-align: center;\"><strong>Online sales coming soon<\/strong><\/h2>\n[\/vc_column_text][\/vc_column][\/vc_row]\n","protected":false},"excerpt":{"rendered":"<p>[vc_row type=&#8221;in_container&#8221; full_screen_row_position=&#8221;middle&#8221; column_margin=&#8221;default&#8221; column_direction=&#8221;default&#8221; column_direction_tablet=&#8221;default&#8221; column_direction_phone=&#8221;default&#8221; scene_position=&#8221;center&#8221; top_padding=&#8221;100&#8243; text_color=&#8221;dark&#8221; text_align=&#8221;left&#8221; row_border_radius=&#8221;none&#8221; row_border_radius_applies=&#8221;bg&#8221; overflow=&#8221;visible&#8221; id=&#8221;enoturismo&#8221; overlay_strength=&#8221;0.3&#8243; gradient_direction=&#8221;left_to_right&#8221; shape_divider_position=&#8221;bottom&#8221; bg_image_animation=&#8221;none&#8221; gradient_type=&#8221;default&#8221; shape_type=&#8221;&#8221;][vc_column column_padding=&#8221;no-extra-padding&#8221; column_padding_tablet=&#8221;inherit&#8221; column_padding_phone=&#8221;inherit&#8221; column_padding_position=&#8221;all&#8221; column_element_direction_desktop=&#8221;default&#8221; column_element_spacing=&#8221;default&#8221; desktop_text_alignment=&#8221;default&#8221; tablet_text_alignment=&#8221;default&#8221; phone_text_alignment=&#8221;default&#8221;&#8230;<\/p>\n","protected":false},"author":1,"featured_media":0,"parent":0,"menu_order":0,"comment_status":"closed","ping_status":"closed","template":"","meta":{"footnotes":""},"class_list":["post-750","page","type-page","status-publish"],"yoast_head":"<!-- This site is optimized with the Yoast SEO plugin v26.6 - https:\/\/yoast.com\/wordpress\/plugins\/seo\/ -->\n<title>Wine catalog - 500 Escalones Bodega<\/title>\n<meta name=\"description\" content=\"Ad\u00e9ntrate en un lugar m\u00e1gico, donde la naturaleza lo impregna todo y da vida a un vino \u00fanico, fiel a sus valores y elaborado con pasi\u00f3n.\" \/>\n<meta name=\"robots\" content=\"index, follow, max-snippet:-1, max-image-preview:large, max-video-preview:-1\" \/>\n<link rel=\"canonical\" href=\"https:\/\/bodega500escalones.com\/en\/wine-catalog\/\" \/>\n<meta property=\"og:locale\" content=\"en_US\" \/>\n<meta property=\"og:type\" content=\"article\" \/>\n<meta property=\"og:title\" content=\"Wine catalog - 500 Escalones Bodega\" \/>\n<meta property=\"og:description\" content=\"Ad\u00e9ntrate en un lugar m\u00e1gico, donde la naturaleza lo impregna todo y da vida a un vino \u00fanico, fiel a sus valores y elaborado con pasi\u00f3n.\" \/>\n<meta property=\"og:url\" content=\"https:\/\/bodega500escalones.com\/en\/wine-catalog\/\" \/>\n<meta property=\"og:site_name\" content=\"500 Escalones Bodega\" \/>\n<meta property=\"article:publisher\" content=\"https:\/\/www.facebook.com\/500escalones\/?locale=es_ES\" \/>\n<meta property=\"article:modified_time\" content=\"2025-06-09T14:43:11+00:00\" \/>\n<meta name=\"twitter:card\" content=\"summary_large_image\" \/>\n<meta name=\"twitter:label1\" content=\"Est. reading time\" \/>\n\t<meta name=\"twitter:data1\" content=\"6 minutes\" \/>\n<script type=\"application\/ld+json\" class=\"yoast-schema-graph\">{\"@context\":\"https:\/\/schema.org\",\"@graph\":[{\"@type\":\"WebPage\",\"@id\":\"https:\/\/bodega500escalones.com\/en\/wine-catalog\/\",\"url\":\"https:\/\/bodega500escalones.com\/en\/wine-catalog\/\",\"name\":\"Wine catalog - 500 Escalones Bodega\",\"isPartOf\":{\"@id\":\"https:\/\/bodega500escalones.com\/#website\"},\"datePublished\":\"2025-04-11T12:16:42+00:00\",\"dateModified\":\"2025-06-09T14:43:11+00:00\",\"description\":\"Ad\u00e9ntrate en un lugar m\u00e1gico, donde la naturaleza lo impregna todo y da vida a un vino \u00fanico, fiel a sus valores y elaborado con pasi\u00f3n.\",\"breadcrumb\":{\"@id\":\"https:\/\/bodega500escalones.com\/en\/wine-catalog\/#breadcrumb\"},\"inLanguage\":\"en-US\",\"potentialAction\":[{\"@type\":\"ReadAction\",\"target\":[\"https:\/\/bodega500escalones.com\/en\/wine-catalog\/\"]}]},{\"@type\":\"BreadcrumbList\",\"@id\":\"https:\/\/bodega500escalones.com\/en\/wine-catalog\/#breadcrumb\",\"itemListElement\":[{\"@type\":\"ListItem\",\"position\":1,\"name\":\"Portada\",\"item\":\"https:\/\/bodega500escalones.com\/en\/500-escalones-winery\/\"},{\"@type\":\"ListItem\",\"position\":2,\"name\":\"Wine catalog\"}]},{\"@type\":\"WebSite\",\"@id\":\"https:\/\/bodega500escalones.com\/#website\",\"url\":\"https:\/\/bodega500escalones.com\/\",\"name\":\"500 Escalones Bodega\",\"description\":\"Donde el vino cuenta los secretos de la tierra que lo vio crecer\",\"publisher\":{\"@id\":\"https:\/\/bodega500escalones.com\/#organization\"},\"potentialAction\":[{\"@type\":\"SearchAction\",\"target\":{\"@type\":\"EntryPoint\",\"urlTemplate\":\"https:\/\/bodega500escalones.com\/?s={search_term_string}\"},\"query-input\":{\"@type\":\"PropertyValueSpecification\",\"valueRequired\":true,\"valueName\":\"search_term_string\"}}],\"inLanguage\":\"en-US\"},{\"@type\":\"Organization\",\"@id\":\"https:\/\/bodega500escalones.com\/#organization\",\"name\":\"500 Escalones Bodega\",\"url\":\"https:\/\/bodega500escalones.com\/\",\"logo\":{\"@type\":\"ImageObject\",\"inLanguage\":\"en-US\",\"@id\":\"https:\/\/bodega500escalones.com\/#\/schema\/logo\/image\/\",\"url\":\"https:\/\/bodega500escalones.com\/wp-content\/uploads\/2025\/02\/Grupo-67.png\",\"contentUrl\":\"https:\/\/bodega500escalones.com\/wp-content\/uploads\/2025\/02\/Grupo-67.png\",\"width\":318,\"height\":67,\"caption\":\"500 Escalones Bodega\"},\"image\":{\"@id\":\"https:\/\/bodega500escalones.com\/#\/schema\/logo\/image\/\"},\"sameAs\":[\"https:\/\/www.facebook.com\/500escalones\/?locale=es_ES\",\"https:\/\/www.instagram.com\/bodega500escalones\/\"]}]}<\/script>\n<!-- \/ Yoast SEO plugin. -->","yoast_head_json":{"title":"Wine catalog - 500 Escalones Bodega","description":"Ad\u00e9ntrate en un lugar m\u00e1gico, donde la naturaleza lo impregna todo y da vida a un vino \u00fanico, fiel a sus valores y elaborado con pasi\u00f3n.","robots":{"index":"index","follow":"follow","max-snippet":"max-snippet:-1","max-image-preview":"max-image-preview:large","max-video-preview":"max-video-preview:-1"},"canonical":"https:\/\/bodega500escalones.com\/en\/wine-catalog\/","og_locale":"en_US","og_type":"article","og_title":"Wine catalog - 500 Escalones Bodega","og_description":"Ad\u00e9ntrate en un lugar m\u00e1gico, donde la naturaleza lo impregna todo y da vida a un vino \u00fanico, fiel a sus valores y elaborado con pasi\u00f3n.","og_url":"https:\/\/bodega500escalones.com\/en\/wine-catalog\/","og_site_name":"500 Escalones Bodega","article_publisher":"https:\/\/www.facebook.com\/500escalones\/?locale=es_ES","article_modified_time":"2025-06-09T14:43:11+00:00","twitter_card":"summary_large_image","twitter_misc":{"Est. reading time":"6 minutes"},"schema":{"@context":"https:\/\/schema.org","@graph":[{"@type":"WebPage","@id":"https:\/\/bodega500escalones.com\/en\/wine-catalog\/","url":"https:\/\/bodega500escalones.com\/en\/wine-catalog\/","name":"Wine catalog - 500 Escalones Bodega","isPartOf":{"@id":"https:\/\/bodega500escalones.com\/#website"},"datePublished":"2025-04-11T12:16:42+00:00","dateModified":"2025-06-09T14:43:11+00:00","description":"Ad\u00e9ntrate en un lugar m\u00e1gico, donde la naturaleza lo impregna todo y da vida a un vino \u00fanico, fiel a sus valores y elaborado con pasi\u00f3n.","breadcrumb":{"@id":"https:\/\/bodega500escalones.com\/en\/wine-catalog\/#breadcrumb"},"inLanguage":"en-US","potentialAction":[{"@type":"ReadAction","target":["https:\/\/bodega500escalones.com\/en\/wine-catalog\/"]}]},{"@type":"BreadcrumbList","@id":"https:\/\/bodega500escalones.com\/en\/wine-catalog\/#breadcrumb","itemListElement":[{"@type":"ListItem","position":1,"name":"Portada","item":"https:\/\/bodega500escalones.com\/en\/500-escalones-winery\/"},{"@type":"ListItem","position":2,"name":"Wine catalog"}]},{"@type":"WebSite","@id":"https:\/\/bodega500escalones.com\/#website","url":"https:\/\/bodega500escalones.com\/","name":"500 Escalones Bodega","description":"Donde el vino cuenta los secretos de la tierra que lo vio crecer","publisher":{"@id":"https:\/\/bodega500escalones.com\/#organization"},"potentialAction":[{"@type":"SearchAction","target":{"@type":"EntryPoint","urlTemplate":"https:\/\/bodega500escalones.com\/?s={search_term_string}"},"query-input":{"@type":"PropertyValueSpecification","valueRequired":true,"valueName":"search_term_string"}}],"inLanguage":"en-US"},{"@type":"Organization","@id":"https:\/\/bodega500escalones.com\/#organization","name":"500 Escalones Bodega","url":"https:\/\/bodega500escalones.com\/","logo":{"@type":"ImageObject","inLanguage":"en-US","@id":"https:\/\/bodega500escalones.com\/#\/schema\/logo\/image\/","url":"https:\/\/bodega500escalones.com\/wp-content\/uploads\/2025\/02\/Grupo-67.png","contentUrl":"https:\/\/bodega500escalones.com\/wp-content\/uploads\/2025\/02\/Grupo-67.png","width":318,"height":67,"caption":"500 Escalones Bodega"},"image":{"@id":"https:\/\/bodega500escalones.com\/#\/schema\/logo\/image\/"},"sameAs":["https:\/\/www.facebook.com\/500escalones\/?locale=es_ES","https:\/\/www.instagram.com\/bodega500escalones\/"]}]}},"_links":{"self":[{"href":"https:\/\/bodega500escalones.com\/en\/wp-json\/wp\/v2\/pages\/750","targetHints":{"allow":["GET"]}}],"collection":[{"href":"https:\/\/bodega500escalones.com\/en\/wp-json\/wp\/v2\/pages"}],"about":[{"href":"https:\/\/bodega500escalones.com\/en\/wp-json\/wp\/v2\/types\/page"}],"author":[{"embeddable":true,"href":"https:\/\/bodega500escalones.com\/en\/wp-json\/wp\/v2\/users\/1"}],"replies":[{"embeddable":true,"href":"https:\/\/bodega500escalones.com\/en\/wp-json\/wp\/v2\/comments?post=750"}],"version-history":[{"count":2,"href":"https:\/\/bodega500escalones.com\/en\/wp-json\/wp\/v2\/pages\/750\/revisions"}],"predecessor-version":[{"id":752,"href":"https:\/\/bodega500escalones.com\/en\/wp-json\/wp\/v2\/pages\/750\/revisions\/752"}],"wp:attachment":[{"href":"https:\/\/bodega500escalones.com\/en\/wp-json\/wp\/v2\/media?parent=750"}],"curies":[{"name":"wp","href":"https:\/\/api.w.org\/{rel}","templated":true}]}}